
{"id":12,"date":"2020-11-06T12:42:43","date_gmt":"2020-11-06T12:42:43","guid":{"rendered":"http:\/\/localhost\/togo\/?page_id=11"},"modified":"2024-10-02T15:58:09","modified_gmt":"2024-10-02T21:58:09","slug":"acerca-de-nosotros","status":"publish","type":"page","link":"https:\/\/www.egsuhomes.com\/inmobiliaria\/acerca-de-nosotros\/","title":{"rendered":"Acerca de nosotros"},"content":{"rendered":"<div class=\"wpb-content-wrapper\">[vc_row row_type=&#8221;main-section&#8221; wr_section_layout=&#8221;section_grid&#8221; wr_margin_top=&#8221;80&#8243;][vc_column css=&#8221;.vc_custom_1727905775194{padding-right: 0px !important;padding-left: 0px !important;}&#8221;][vc_row_inner][vc_column_inner][vc_column_text css=&#8221;&#8221;]En <em>EGSU Homes Inmobiliaria<\/em>, nos especializamos en ofrecer <strong>viviendas listas para habitar<\/strong>, completamente amuebladas y dise\u00f1adas para quienes buscan no solo una casa, sino un <strong>hogar en plena armon\u00eda con la naturaleza<\/strong> de Costa Rica. Disponemos de una variedad de <strong>propiedades \u00fanicas en entornos privilegiados<\/strong>, donde cada terreno ofrece una experiencia distinta, ya sea con vistas al mar, rodeado de monta\u00f1as o inmerso en la exuberante vegetaci\u00f3n tropical.[\/vc_column_text][\/vc_column_inner][\/vc_row_inner][vc_row_inner][vc_column_inner width=&#8221;1\/2&#8243;][vc_empty_space height=&#8221;12px&#8221;]<div class=\"sec-text  \" style=\"margin:0px 0px 40px 0px;\"><p>Nuestro prop\u00f3sito es que puedas disfrutar del <strong>sonido relajante del viento entre los \u00e1rboles, el canto de las aves y el suave murmullo de los r\u00edos cercanos<\/strong>, creando una atm\u00f3sfera perfecta para la relajaci\u00f3n y la desconexi\u00f3n total.<\/p>\n<p>Nos encargamos de que cada proceso de compra sea <strong>completamente seguro<\/strong>. Todas nuestras propiedades se entregan con <strong>garant\u00edas y documentaci\u00f3n en regla<\/strong>, asegurando que no habr\u00e1 inconvenientes ni preocupaciones legales. Queremos que disfrutes de tu nuevo hogar con la tranquilidad de saber que todo est\u00e1 bajo control y en orden.<\/p>\n<p><strong>EGSU Homes<\/strong> est\u00e1 pensado para aquellos que desean escapar del estr\u00e9s diario y sumergirse en un entorno donde la naturaleza es protagonista. Imagina despertar cada ma\u00f1ana rodeado de paisajes inigualables y con el <strong>suave sonido de la naturaleza<\/strong> acompa\u00f1ando tu d\u00eda. \u00a1Invierte en una experiencia de vida \u00fanica y descubre lo que es vivir en un aut\u00e9ntico para\u00edso!<\/p><\/div>[\/vc_column_inner][vc_column_inner width=&#8221;1\/2&#8243;][vc_empty_space height=&#8221;12px&#8221;][vc_single_image image=&#8221;1276&#8243; img_size=&#8221;600&#215;350&#8243; onclick=&#8221;link_image&#8221; css=&#8221;&#8221;][\/vc_column_inner][\/vc_row_inner][\/vc_column][\/vc_row][vc_row row_type=&#8221;main-section&#8221; wr_section_layout=&#8221;section_grid&#8221; wr_default_pad=&#8221;pt-100 pb-100&#8243;][vc_column css=&#8221;.vc_custom_1727906012605{padding-right: 0px !important;padding-left: 0px !important;}&#8221;][vc_custom_heading text=&#8221;Nuestro&#8221; font_container=&#8221;tag:div|text_align:center&#8221; use_theme_fonts=&#8221;yes&#8221; css=&#8221;&#8221; el_class=&#8221;subtitulo1&#8243;][vc_custom_heading text=&#8221;Equipo de Trabajo&#8221; font_container=&#8221;tag:h2|text_align:center&#8221; use_theme_fonts=&#8221;yes&#8221; css=&#8221;&#8221; el_class=&#8221;titulo1&#8243;][\/vc_column][\/vc_row][vc_row row_type=&#8221;main-section&#8221; wr_section_layout=&#8221;section_grid&#8221; wr_section_class=&#8221;team-img&#8221;][vc_column width=&#8221;1\/6&#8243; css=&#8221;.vc_custom_1727905765204{padding-right: 0px !important;padding-left: 0px !important;}&#8221;][\/vc_column][vc_column width=&#8221;2\/3&#8243;][vc_row_inner][vc_column_inner width=&#8221;1\/3&#8243;][vc_single_image image=&#8221;948&#8243; img_size=&#8221;full&#8221; onclick=&#8221;link_image&#8221; css=&#8221;&#8221;][vc_custom_heading text=&#8221;Ing. Emmanuel Gonz\u00e1lez Segura&#8221; font_container=&#8221;tag:h3|font_size:25px|text_align:center&#8221; use_theme_fonts=&#8221;yes&#8221;][vc_custom_heading text=&#8221;Ingeniero Civil y Propietario&#8221; font_container=&#8221;tag:h4|font_size:16px|text_align:center&#8221; use_theme_fonts=&#8221;yes&#8221;][\/vc_column_inner][vc_column_inner width=&#8221;1\/3&#8243;][vc_single_image image=&#8221;961&#8243; img_size=&#8221;full&#8221; onclick=&#8221;link_image&#8221;][vc_custom_heading text=&#8221;Karen Melissa Castro Granados&#8221; font_container=&#8221;tag:h3|font_size:25px|text_align:center&#8221; use_theme_fonts=&#8221;yes&#8221;][vc_custom_heading text=&#8221;Gerente General&#8221; font_container=&#8221;tag:h4|font_size:16px|text_align:center&#8221; use_theme_fonts=&#8221;yes&#8221;][\/vc_column_inner][vc_column_inner width=&#8221;1\/3&#8243;][vc_single_image image=&#8221;964&#8243; img_size=&#8221;full&#8221; onclick=&#8221;link_image&#8221;][vc_custom_heading text=&#8221;Licda. Mar\u00eda Eugenia Cordero Rojas&#8221; font_container=&#8221;tag:h3|font_size:25px|text_align:center&#8221; use_theme_fonts=&#8221;yes&#8221;][vc_custom_heading text=&#8221;Asistente Administrativa&#8221; font_container=&#8221;tag:h4|font_size:16px|text_align:center&#8221; use_theme_fonts=&#8221;yes&#8221;][\/vc_column_inner][\/vc_row_inner][\/vc_column][vc_column width=&#8221;1\/6&#8243;][\/vc_column][\/vc_row][vc_row][vc_column][vc_empty_space height=&#8221;80px&#8221;][\/vc_column][\/vc_row]\n<\/div>","protected":false},"excerpt":{"rendered":"<p>[vc_row row_type=&#8221;main-section&#8221; wr_section_layout=&#8221;section_grid&#8221; wr_margin_top=&#8221;80&#8243;][vc_column css=&#8221;.vc_custom_1727905775194{padding-right: 0px !important;padding-left: 0px !important;}&#8221;][vc_row_inner][vc_column_inner][vc_column_text css=&#8221;&#8221;]En EGSU Homes Inmobiliaria, nos especializamos en ofrecer viviendas listas para habitar, completamente amuebladas y dise\u00f1adas para quienes buscan no solo una casa, sino un hogar en plena armon\u00eda con la naturaleza de Costa Rica. Disponemos de una variedad de propiedades \u00fanicas en entornos privilegiados, donde<\/p>\n","protected":false},"author":1,"featured_media":0,"parent":0,"menu_order":0,"comment_status":"closed","ping_status":"closed","template":"","meta":{"_acf_changed":false,"footnotes":"","_links_to":"","_links_to_target":""},"class_list":["post-12","page","type-page","status-publish","hentry"],"acf":[],"yoast_head":"<!-- This site is optimized with the Yoast SEO plugin v27.2 - https:\/\/yoast.com\/product\/yoast-seo-wordpress\/ -->\n<title>Empresas de ingenier\u00eda y construcci\u00f3n Dominical - Uvita - Ojochal - Costa Rica<\/title>\n<meta name=\"description\" content=\"Somos una empresa de dise\u00f1o y construcci\u00f3n de proyectos habitacionales y comerciales, con 16 a\u00f1os de experiencia en el mercado inmobiliario\" \/>\n<meta name=\"robots\" content=\"index, follow, max-snippet:-1, max-image-preview:large, max-video-preview:-1\" \/>\n<link rel=\"canonical\" href=\"https:\/\/www.egsuhomes.com\/inmobiliaria\/acerca-de-nosotros\/\" \/>\n<meta property=\"og:locale\" content=\"es_ES\" \/>\n<meta property=\"og:type\" content=\"article\" \/>\n<meta property=\"og:title\" content=\"Empresas de ingenier\u00eda y construcci\u00f3n Dominical - Uvita - Ojochal - Costa Rica\" \/>\n<meta property=\"og:description\" content=\"Somos una empresa de dise\u00f1o y construcci\u00f3n de proyectos habitacionales y comerciales, con 16 a\u00f1os de experiencia en el mercado inmobiliario\" \/>\n<meta property=\"og:url\" content=\"https:\/\/www.egsuhomes.com\/inmobiliaria\/acerca-de-nosotros\/\" \/>\n<meta property=\"og:site_name\" content=\"EGSU\" \/>\n<meta property=\"article:modified_time\" content=\"2024-10-02T21:58:09+00:00\" \/>\n<meta name=\"twitter:card\" content=\"summary_large_image\" \/>\n<meta name=\"twitter:label1\" content=\"Tiempo de lectura\" \/>\n\t<meta name=\"twitter:data1\" content=\"3 minutos\" \/>\n<script type=\"application\/ld+json\" class=\"yoast-schema-graph\">{\"@context\":\"https:\/\/schema.org\",\"@graph\":[{\"@type\":\"WebPage\",\"@id\":\"https:\/\/www.egsuhomes.com\/inmobiliaria\/acerca-de-nosotros\/\",\"url\":\"https:\/\/www.egsuhomes.com\/inmobiliaria\/acerca-de-nosotros\/\",\"name\":\"Empresas de ingenier\u00eda y construcci\u00f3n Dominical - Uvita - Ojochal - Costa Rica\",\"isPartOf\":{\"@id\":\"https:\/\/www.egsuhomes.com\/inmobiliaria\/#website\"},\"datePublished\":\"2020-11-06T12:42:43+00:00\",\"dateModified\":\"2024-10-02T21:58:09+00:00\",\"description\":\"Somos una empresa de dise\u00f1o y construcci\u00f3n de proyectos habitacionales y comerciales, con 16 a\u00f1os de experiencia en el mercado inmobiliario\",\"breadcrumb\":{\"@id\":\"https:\/\/www.egsuhomes.com\/inmobiliaria\/acerca-de-nosotros\/#breadcrumb\"},\"inLanguage\":\"es\",\"potentialAction\":[{\"@type\":\"ReadAction\",\"target\":[\"https:\/\/www.egsuhomes.com\/inmobiliaria\/acerca-de-nosotros\/\"]}]},{\"@type\":\"BreadcrumbList\",\"@id\":\"https:\/\/www.egsuhomes.com\/inmobiliaria\/acerca-de-nosotros\/#breadcrumb\",\"itemListElement\":[{\"@type\":\"ListItem\",\"position\":1,\"name\":\"Portada\",\"item\":\"https:\/\/www.egsuhomes.com\/inmobiliaria\/\"},{\"@type\":\"ListItem\",\"position\":2,\"name\":\"Acerca de nosotros\"}]},{\"@type\":\"WebSite\",\"@id\":\"https:\/\/www.egsuhomes.com\/inmobiliaria\/#website\",\"url\":\"https:\/\/www.egsuhomes.com\/inmobiliaria\/\",\"name\":\"EGSU Homes Inmobiliaria\",\"description\":\"Dise\u00f1o y construcci\u00f3n de casas de playa\",\"publisher\":{\"@id\":\"https:\/\/www.egsuhomes.com\/inmobiliaria\/#organization\"},\"potentialAction\":[{\"@type\":\"SearchAction\",\"target\":{\"@type\":\"EntryPoint\",\"urlTemplate\":\"https:\/\/www.egsuhomes.com\/inmobiliaria\/?s={search_term_string}\"},\"query-input\":{\"@type\":\"PropertyValueSpecification\",\"valueRequired\":true,\"valueName\":\"search_term_string\"}}],\"inLanguage\":\"es\"},{\"@type\":\"Organization\",\"@id\":\"https:\/\/www.egsuhomes.com\/inmobiliaria\/#organization\",\"name\":\"EGSU Homes Inmobiliaria\",\"url\":\"https:\/\/www.egsuhomes.com\/inmobiliaria\/\",\"logo\":{\"@type\":\"ImageObject\",\"inLanguage\":\"es\",\"@id\":\"https:\/\/www.egsuhomes.com\/inmobiliaria\/#\/schema\/logo\/image\/\",\"url\":\"https:\/\/www.egsuhomes.com\/inmobiliaria\/wp-content\/uploads\/2024\/10\/logo-egsu-inmobiliaria.png\",\"contentUrl\":\"https:\/\/www.egsuhomes.com\/inmobiliaria\/wp-content\/uploads\/2024\/10\/logo-egsu-inmobiliaria.png\",\"width\":512,\"height\":512,\"caption\":\"EGSU Homes Inmobiliaria\"},\"image\":{\"@id\":\"https:\/\/www.egsuhomes.com\/inmobiliaria\/#\/schema\/logo\/image\/\"}}]}<\/script>\n<!-- \/ Yoast SEO plugin. -->","yoast_head_json":{"title":"Empresas de ingenier\u00eda y construcci\u00f3n Dominical - Uvita - Ojochal - Costa Rica","description":"Somos una empresa de dise\u00f1o y construcci\u00f3n de proyectos habitacionales y comerciales, con 16 a\u00f1os de experiencia en el mercado inmobiliario","robots":{"index":"index","follow":"follow","max-snippet":"max-snippet:-1","max-image-preview":"max-image-preview:large","max-video-preview":"max-video-preview:-1"},"canonical":"https:\/\/www.egsuhomes.com\/inmobiliaria\/acerca-de-nosotros\/","og_locale":"es_ES","og_type":"article","og_title":"Empresas de ingenier\u00eda y construcci\u00f3n Dominical - Uvita - Ojochal - Costa Rica","og_description":"Somos una empresa de dise\u00f1o y construcci\u00f3n de proyectos habitacionales y comerciales, con 16 a\u00f1os de experiencia en el mercado inmobiliario","og_url":"https:\/\/www.egsuhomes.com\/inmobiliaria\/acerca-de-nosotros\/","og_site_name":"EGSU","article_modified_time":"2024-10-02T21:58:09+00:00","twitter_card":"summary_large_image","twitter_misc":{"Tiempo de lectura":"3 minutos"},"schema":{"@context":"https:\/\/schema.org","@graph":[{"@type":"WebPage","@id":"https:\/\/www.egsuhomes.com\/inmobiliaria\/acerca-de-nosotros\/","url":"https:\/\/www.egsuhomes.com\/inmobiliaria\/acerca-de-nosotros\/","name":"Empresas de ingenier\u00eda y construcci\u00f3n Dominical - Uvita - Ojochal - Costa Rica","isPartOf":{"@id":"https:\/\/www.egsuhomes.com\/inmobiliaria\/#website"},"datePublished":"2020-11-06T12:42:43+00:00","dateModified":"2024-10-02T21:58:09+00:00","description":"Somos una empresa de dise\u00f1o y construcci\u00f3n de proyectos habitacionales y comerciales, con 16 a\u00f1os de experiencia en el mercado inmobiliario","breadcrumb":{"@id":"https:\/\/www.egsuhomes.com\/inmobiliaria\/acerca-de-nosotros\/#breadcrumb"},"inLanguage":"es","potentialAction":[{"@type":"ReadAction","target":["https:\/\/www.egsuhomes.com\/inmobiliaria\/acerca-de-nosotros\/"]}]},{"@type":"BreadcrumbList","@id":"https:\/\/www.egsuhomes.com\/inmobiliaria\/acerca-de-nosotros\/#breadcrumb","itemListElement":[{"@type":"ListItem","position":1,"name":"Portada","item":"https:\/\/www.egsuhomes.com\/inmobiliaria\/"},{"@type":"ListItem","position":2,"name":"Acerca de nosotros"}]},{"@type":"WebSite","@id":"https:\/\/www.egsuhomes.com\/inmobiliaria\/#website","url":"https:\/\/www.egsuhomes.com\/inmobiliaria\/","name":"EGSU Homes Inmobiliaria","description":"Dise\u00f1o y construcci\u00f3n de casas de playa","publisher":{"@id":"https:\/\/www.egsuhomes.com\/inmobiliaria\/#organization"},"potentialAction":[{"@type":"SearchAction","target":{"@type":"EntryPoint","urlTemplate":"https:\/\/www.egsuhomes.com\/inmobiliaria\/?s={search_term_string}"},"query-input":{"@type":"PropertyValueSpecification","valueRequired":true,"valueName":"search_term_string"}}],"inLanguage":"es"},{"@type":"Organization","@id":"https:\/\/www.egsuhomes.com\/inmobiliaria\/#organization","name":"EGSU Homes Inmobiliaria","url":"https:\/\/www.egsuhomes.com\/inmobiliaria\/","logo":{"@type":"ImageObject","inLanguage":"es","@id":"https:\/\/www.egsuhomes.com\/inmobiliaria\/#\/schema\/logo\/image\/","url":"https:\/\/www.egsuhomes.com\/inmobiliaria\/wp-content\/uploads\/2024\/10\/logo-egsu-inmobiliaria.png","contentUrl":"https:\/\/www.egsuhomes.com\/inmobiliaria\/wp-content\/uploads\/2024\/10\/logo-egsu-inmobiliaria.png","width":512,"height":512,"caption":"EGSU Homes Inmobiliaria"},"image":{"@id":"https:\/\/www.egsuhomes.com\/inmobiliaria\/#\/schema\/logo\/image\/"}}]}},"_links":{"self":[{"href":"https:\/\/www.egsuhomes.com\/inmobiliaria\/wp-json\/wp\/v2\/pages\/12","targetHints":{"allow":["GET"]}}],"collection":[{"href":"https:\/\/www.egsuhomes.com\/inmobiliaria\/wp-json\/wp\/v2\/pages"}],"about":[{"href":"https:\/\/www.egsuhomes.com\/inmobiliaria\/wp-json\/wp\/v2\/types\/page"}],"author":[{"embeddable":true,"href":"https:\/\/www.egsuhomes.com\/inmobiliaria\/wp-json\/wp\/v2\/users\/1"}],"replies":[{"embeddable":true,"href":"https:\/\/www.egsuhomes.com\/inmobiliaria\/wp-json\/wp\/v2\/comments?post=12"}],"version-history":[{"count":67,"href":"https:\/\/www.egsuhomes.com\/inmobiliaria\/wp-json\/wp\/v2\/pages\/12\/revisions"}],"predecessor-version":[{"id":3620,"href":"https:\/\/www.egsuhomes.com\/inmobiliaria\/wp-json\/wp\/v2\/pages\/12\/revisions\/3620"}],"wp:attachment":[{"href":"https:\/\/www.egsuhomes.com\/inmobiliaria\/wp-json\/wp\/v2\/media?parent=12"}],"curies":[{"name":"wp","href":"https:\/\/api.w.org\/{rel}","templated":true}]}}