
{"id":3274,"date":"2024-08-22T15:55:50","date_gmt":"2024-08-22T21:55:50","guid":{"rendered":"https:\/\/www.egsuhomes.com\/?page_id=3274"},"modified":"2024-12-03T17:24:38","modified_gmt":"2024-12-03T23:24:38","slug":"casas-en-venta","status":"publish","type":"page","link":"https:\/\/www.egsuhomes.com\/inmobiliaria\/","title":{"rendered":"Inicio"},"content":{"rendered":"<div class=\"wpb-content-wrapper\">[vc_row][vc_column]\n\t\t\t<!-- START Slider 1 REVOLUTION SLIDER 6.7.23 --><p class=\"rs-p-wp-fix\"><\/p>\n\t\t\t<rs-module-wrap id=\"rev_slider_1_1_wrapper\" data-source=\"gallery\" style=\"visibility:hidden;background:transparent;padding:0;\">\n\t\t\t\t<rs-module id=\"rev_slider_1_1\" style=\"\" data-version=\"6.7.23\">\n\t\t\t\t\t<rs-slides style=\"overflow: hidden; position: absolute;\">\n\t\t\t\t\t\t<rs-slide style=\"position: absolute;\" data-key=\"rs-5\" data-title=\"Slide\" data-anim=\"adpr:false;\" data-in=\"o:0;\" data-out=\"a:false;\">\n\t\t\t\t\t\t\t<img decoding=\"async\" src=\"\/\/www.egsuhomes.com\/inmobiliaria\/wp-content\/plugins\/revslider\/sr6\/assets\/assets\/dummy.png\" alt=\"\" title=\"slide-1\" width=\"1920\" height=\"1080\" class=\"rev-slidebg tp-rs-img rs-lazyload\" data-lazyload=\"\/\/www.egsuhomes.com\/inmobiliaria\/wp-content\/uploads\/2024\/11\/slide-1.webp\" data-panzoom=\"d:10000;ss:100;se:110%;\" data-no-retina>\n<!--\n\t\t\t\t\t\t\t--><rs-layer\n\t\t\t\t\t\t\t\tid=\"slider-1-slide-5-layer-3\" \n\t\t\t\t\t\t\t\tdata-type=\"shape\"\n\t\t\t\t\t\t\t\tdata-rsp_ch=\"on\"\n\t\t\t\t\t\t\t\tdata-xy=\"x:c;y:m;\"\n\t\t\t\t\t\t\t\tdata-text=\"w:normal;s:20,20,12,7;l:0,0,15,9;\"\n\t\t\t\t\t\t\t\tdata-dim=\"w:100%;h:100%;\"\n\t\t\t\t\t\t\t\tdata-basealign=\"slide\"\n\t\t\t\t\t\t\t\tdata-frame_999=\"o:0;st:w;sR:8700;\"\n\t\t\t\t\t\t\t\tstyle=\"z-index:6;background-color:rgba(0,0,0,0.5);\"\n\t\t\t\t\t\t\t> \n\t\t\t\t\t\t\t<\/rs-layer><!--\n-->\t\t\t\t\t<\/rs-slide>\n\t\t\t\t\t\t<rs-slide style=\"position: absolute;\" data-key=\"rs-30\" data-title=\"Slide\" data-anim=\"adpr:false;\" data-in=\"o:0;\" data-out=\"a:false;\">\n\t\t\t\t\t\t\t<img decoding=\"async\" src=\"\/\/www.egsuhomes.com\/inmobiliaria\/wp-content\/plugins\/revslider\/sr6\/assets\/assets\/dummy.png\" alt=\"\" title=\"slide-2\" width=\"1920\" height=\"1080\" class=\"rev-slidebg tp-rs-img rs-lazyload\" data-lazyload=\"\/\/www.egsuhomes.com\/inmobiliaria\/wp-content\/uploads\/2024\/11\/slide-2.webp\" data-panzoom=\"d:10000;ss:100;se:110%;\" data-no-retina>\n<!--\n\t\t\t\t\t\t\t--><rs-layer\n\t\t\t\t\t\t\t\tid=\"slider-1-slide-30-layer-3\" \n\t\t\t\t\t\t\t\tdata-type=\"shape\"\n\t\t\t\t\t\t\t\tdata-rsp_ch=\"on\"\n\t\t\t\t\t\t\t\tdata-xy=\"x:c;y:m;\"\n\t\t\t\t\t\t\t\tdata-text=\"w:normal;s:20,20,12,7;l:0,0,15,9;\"\n\t\t\t\t\t\t\t\tdata-dim=\"w:100%;h:100%;\"\n\t\t\t\t\t\t\t\tdata-basealign=\"slide\"\n\t\t\t\t\t\t\t\tdata-frame_999=\"o:0;st:w;sR:8700;\"\n\t\t\t\t\t\t\t\tstyle=\"z-index:6;background-color:rgba(0,0,0,0.5);\"\n\t\t\t\t\t\t\t> \n\t\t\t\t\t\t\t<\/rs-layer><!--\n-->\t\t\t\t\t<\/rs-slide>\n\t\t\t\t\t\t<rs-slide style=\"position: absolute;\" data-key=\"rs-31\" data-title=\"Slide\" data-anim=\"adpr:false;\" data-in=\"o:0;\" data-out=\"a:false;\">\n\t\t\t\t\t\t\t<img decoding=\"async\" src=\"\/\/www.egsuhomes.com\/inmobiliaria\/wp-content\/plugins\/revslider\/sr6\/assets\/assets\/dummy.png\" alt=\"\" title=\"slide-3\" width=\"1920\" height=\"1080\" class=\"rev-slidebg tp-rs-img rs-lazyload\" data-lazyload=\"\/\/www.egsuhomes.com\/inmobiliaria\/wp-content\/uploads\/2024\/11\/slide-3.webp\" data-panzoom=\"d:10000;ss:100;se:110%;\" data-no-retina>\n<!--\n\t\t\t\t\t\t\t--><rs-layer\n\t\t\t\t\t\t\t\tid=\"slider-1-slide-31-layer-3\" \n\t\t\t\t\t\t\t\tdata-type=\"shape\"\n\t\t\t\t\t\t\t\tdata-rsp_ch=\"on\"\n\t\t\t\t\t\t\t\tdata-xy=\"x:c;y:m;\"\n\t\t\t\t\t\t\t\tdata-text=\"w:normal;s:20,20,12,7;l:0,0,15,9;\"\n\t\t\t\t\t\t\t\tdata-dim=\"w:100%;h:100%;\"\n\t\t\t\t\t\t\t\tdata-basealign=\"slide\"\n\t\t\t\t\t\t\t\tdata-frame_999=\"o:0;st:w;sR:8700;\"\n\t\t\t\t\t\t\t\tstyle=\"z-index:6;background-color:rgba(0,0,0,0.5);\"\n\t\t\t\t\t\t\t> \n\t\t\t\t\t\t\t<\/rs-layer><!--\n-->\t\t\t\t\t<\/rs-slide>\n\t\t\t\t\t\t<rs-slide style=\"position: absolute;\" data-key=\"rs-32\" data-title=\"Slide\" data-anim=\"adpr:false;\" data-in=\"o:0;\" data-out=\"a:false;\">\n\t\t\t\t\t\t\t<img decoding=\"async\" src=\"\/\/www.egsuhomes.com\/inmobiliaria\/wp-content\/plugins\/revslider\/sr6\/assets\/assets\/dummy.png\" alt=\"\" title=\"slide-4\" width=\"1920\" height=\"1080\" class=\"rev-slidebg tp-rs-img rs-lazyload\" data-lazyload=\"\/\/www.egsuhomes.com\/inmobiliaria\/wp-content\/uploads\/2024\/11\/slide-4.webp\" data-panzoom=\"d:10000;ss:100;se:110%;\" data-no-retina>\n<!--\n\t\t\t\t\t\t\t--><rs-layer\n\t\t\t\t\t\t\t\tid=\"slider-1-slide-32-layer-3\" \n\t\t\t\t\t\t\t\tdata-type=\"shape\"\n\t\t\t\t\t\t\t\tdata-rsp_ch=\"on\"\n\t\t\t\t\t\t\t\tdata-xy=\"x:c;y:m;\"\n\t\t\t\t\t\t\t\tdata-text=\"w:normal;s:20,20,12,7;l:0,0,15,9;\"\n\t\t\t\t\t\t\t\tdata-dim=\"w:100%;h:100%;\"\n\t\t\t\t\t\t\t\tdata-basealign=\"slide\"\n\t\t\t\t\t\t\t\tdata-frame_999=\"o:0;st:w;sR:8700;\"\n\t\t\t\t\t\t\t\tstyle=\"z-index:6;background-color:rgba(0,0,0,0.5);\"\n\t\t\t\t\t\t\t> \n\t\t\t\t\t\t\t<\/rs-layer><!--\n-->\t\t\t\t\t<\/rs-slide>\n\t\t\t\t\t\t<rs-slide style=\"position: absolute;\" data-key=\"rs-33\" data-title=\"Slide\" data-anim=\"adpr:false;\" data-in=\"o:0;\" data-out=\"a:false;\">\n\t\t\t\t\t\t\t<img decoding=\"async\" src=\"\/\/www.egsuhomes.com\/inmobiliaria\/wp-content\/plugins\/revslider\/sr6\/assets\/assets\/dummy.png\" alt=\"\" title=\"slide-5\" width=\"1920\" height=\"1080\" class=\"rev-slidebg tp-rs-img rs-lazyload\" data-lazyload=\"\/\/www.egsuhomes.com\/inmobiliaria\/wp-content\/uploads\/2024\/11\/slide-5.webp\" data-panzoom=\"d:10000;ss:100;se:110%;\" data-no-retina>\n<!--\n\t\t\t\t\t\t\t--><rs-layer\n\t\t\t\t\t\t\t\tid=\"slider-1-slide-33-layer-3\" \n\t\t\t\t\t\t\t\tdata-type=\"shape\"\n\t\t\t\t\t\t\t\tdata-rsp_ch=\"on\"\n\t\t\t\t\t\t\t\tdata-xy=\"x:c;y:m;\"\n\t\t\t\t\t\t\t\tdata-text=\"w:normal;s:20,20,12,7;l:0,0,15,9;\"\n\t\t\t\t\t\t\t\tdata-dim=\"w:100%;h:100%;\"\n\t\t\t\t\t\t\t\tdata-basealign=\"slide\"\n\t\t\t\t\t\t\t\tdata-frame_999=\"o:0;st:w;sR:8700;\"\n\t\t\t\t\t\t\t\tstyle=\"z-index:6;background-color:rgba(0,0,0,0.5);\"\n\t\t\t\t\t\t\t> \n\t\t\t\t\t\t\t<\/rs-layer><!--\n-->\t\t\t\t\t<\/rs-slide>\n\t\t\t\t\t<\/rs-slides>\n\t\t\t\t\t<rs-static-layers><!--\n\n\t\t\t\t\t\t\t--><p\n\t\t\t\t\t\t\t\tid=\"slider-1-slide-1-layer-5\" \n\t\t\t\t\t\t\t\tclass=\"rs-layer rs-layer-static\"\n\t\t\t\t\t\t\t\tdata-type=\"text\"\n\t\t\t\t\t\t\t\tdata-tsh=\"c:rgba(0,0,0,0.41);b:5px,5px,3px,1px;\"\n\t\t\t\t\t\t\t\tdata-rsp_ch=\"on\"\n\t\t\t\t\t\t\t\tdata-xy=\"x:l,l,c,c;xo:20px,20px,0,0;y:m;yo:-105px,-105px,17px,-46px;\"\n\t\t\t\t\t\t\t\tdata-text=\"w:normal;s:70,70,74,50;l:80,80,80,55;fw:600;a:left,left,center,center;\"\n\t\t\t\t\t\t\t\tdata-dim=\"w:659.594px,659.594px,671px,411px;\"\n\t\t\t\t\t\t\t\tdata-onslides=\"s:1;\"\n\t\t\t\t\t\t\t\tdata-frame_0=\"y:-50,-50,-31,-19;\"\n\t\t\t\t\t\t\t\tdata-frame_1=\"st:330;sp:1000;sR:330;\"\n\t\t\t\t\t\t\t\tdata-frame_999=\"o:0;st:w;sR:7670;\"\n\t\t\t\t\t\t\t\tstyle=\"z-index:10;font-family:'Jost';text-transform:uppercase;\"\n\t\t\t\t\t\t\t>Hogares Listos para Vivir \n\t\t\t\t\t\t\t<\/p><!--\n\n\t\t\t\t\t\t\t--><h2\n\t\t\t\t\t\t\t\tid=\"slider-1-slide-1-layer-6\" \n\t\t\t\t\t\t\t\tclass=\"rs-layer rs-layer-static\"\n\t\t\t\t\t\t\t\tdata-type=\"text\"\n\t\t\t\t\t\t\t\tdata-rsp_ch=\"on\"\n\t\t\t\t\t\t\t\tdata-xy=\"x:l,l,c,c;xo:20px,20px,0,0;y:m;yo:3px,3px,122px,83px;\"\n\t\t\t\t\t\t\t\tdata-text=\"w:normal,normal,normal,normal;s:30,30,28,25;l:50,50,31,28;fw:200;a:left,left,left,center;\"\n\t\t\t\t\t\t\t\tdata-dim=\"w:auto,auto,auto,419px;\"\n\t\t\t\t\t\t\t\tdata-onslides=\"s:1;\"\n\t\t\t\t\t\t\t\tdata-frame_0=\"y:50,50,31,19;\"\n\t\t\t\t\t\t\t\tdata-frame_1=\"st:1340;sp:1000;sR:1340;\"\n\t\t\t\t\t\t\t\tdata-frame_999=\"o:0;st:w;sR:6660;\"\n\t\t\t\t\t\t\t\tstyle=\"z-index:9;font-family:'Jost';\"\n\t\t\t\t\t\t\t>Casas amuebladas en un entorno natural y seguro \n\t\t\t\t\t\t\t<\/h2><!--\n\n\t\t\t\t\t\t\t--><a\n\t\t\t\t\t\t\t\tid=\"slider-1-slide-1-layer-7\" \n\t\t\t\t\t\t\t\tclass=\"rs-layer rev-btn rev-hiddenicon rs-layer-static\"\n\t\t\t\t\t\t\t\thref=\"\/inmobiliaria\/acerca-de-nosotros\/\" target=\"_self\"\n\t\t\t\t\t\t\t\tdata-type=\"button\"\n\t\t\t\t\t\t\t\tdata-rsp_ch=\"on\"\n\t\t\t\t\t\t\t\tdata-xy=\"x:l,l,c,c;xo:20px,20px,0,0;yo:509px,509px,625px,575px;\"\n\t\t\t\t\t\t\t\tdata-text=\"w:normal;s:17,17,18,18;l:20,20,24,24;ls:1,1,0,0;\"\n\t\t\t\t\t\t\t\tdata-dim=\"minh:0px,0px,none,none;\"\n\t\t\t\t\t\t\t\tdata-onslides=\"s:1;\"\n\t\t\t\t\t\t\t\tdata-padding=\"t:15,15,15,14;r:40,40,45,50;b:15,15,15,14;l:40,40,45,50;\"\n\t\t\t\t\t\t\t\tdata-border=\"bos:solid;boc:#ffffff;bow:1px,1px,1px,1px;bor:5px,5px,5px,5px;\"\n\t\t\t\t\t\t\t\tdata-frame_0=\"y:bottom;\"\n\t\t\t\t\t\t\t\tdata-frame_1=\"st:2350;sp:1000;sR:2350;\"\n\t\t\t\t\t\t\t\tdata-frame_999=\"o:0;st:w;sR:5650;\"\n\t\t\t\t\t\t\t\tdata-frame_hover=\"bgc:rgba(0,0,0,0.63);boc:#fff;bor:5px,5px,5px,5px;bos:solid;bow:1px,1px,1px,1px;sp:200;\"\n\t\t\t\t\t\t\t\tstyle=\"z-index:8;background-color:rgba(0,0,0,0);font-family:'Jost';text-transform:uppercase;\"\n\t\t\t\t\t\t\t>M\u00c1S INFORMACI\u00d3N<i class=\"fa-chevron-right\"><\/i> \n\t\t\t\t\t\t\t<\/a><!--\n\n\t\t\t\t\t\t\t--><a\n\t\t\t\t\t\t\t\tid=\"slider-1-slide-1-layer-8\" \n\t\t\t\t\t\t\t\tclass=\"rs-layer rev-btn rev-hiddenicon rs-layer-static\"\n\t\t\t\t\t\t\t\thref=\"\/inmobiliaria\/casas-venta\/\" target=\"_self\"\n\t\t\t\t\t\t\t\tdata-type=\"button\"\n\t\t\t\t\t\t\t\tdata-color=\"#000000\"\n\t\t\t\t\t\t\t\tdata-rsp_ch=\"on\"\n\t\t\t\t\t\t\t\tdata-xy=\"x:l,l,c,c;xo:308px,308px,0,0;yo:509px,509px,550px,493px;\"\n\t\t\t\t\t\t\t\tdata-text=\"w:normal;s:17,17,18,18;l:20,20,24,24;ls:1,1,0,0;\"\n\t\t\t\t\t\t\t\tdata-dim=\"minh:0px,0px,none,none;\"\n\t\t\t\t\t\t\t\tdata-onslides=\"s:1;\"\n\t\t\t\t\t\t\t\tdata-padding=\"t:15,15,15,14;r:40,40,45,50;b:15,15,15,14;l:40,40,45,50;\"\n\t\t\t\t\t\t\t\tdata-border=\"bos:solid;boc:#ffffff;bow:1px,1px,1px,1px;bor:5px,5px,5px,5px;\"\n\t\t\t\t\t\t\t\tdata-frame_0=\"y:bottom;\"\n\t\t\t\t\t\t\t\tdata-frame_1=\"st:2800;sp:1000;sR:2800;\"\n\t\t\t\t\t\t\t\tdata-frame_999=\"o:0;st:w;sR:5200;\"\n\t\t\t\t\t\t\t\tdata-frame_hover=\"c:#fff;bgc:rgba(0,0,0,0.63);boc:#fff;bor:5px,5px,5px,5px;bos:solid;bow:1px,1px,1px,1px;sp:200;\"\n\t\t\t\t\t\t\t\tstyle=\"z-index:7;background-color:#ffffff;font-family:'Jost';text-transform:uppercase;\"\n\t\t\t\t\t\t\t>Ver Casas En Venta<i class=\"fa-chevron-right\"><\/i> \n\t\t\t\t\t\t\t<\/a><!--\n\t\t\t\t\t--><\/rs-static-layers>\n\t\t\t\t<\/rs-module>\n\t\t\t\t<script>\n\t\t\t\t\tsetREVStartSize({c: 'rev_slider_1_1',rl:[1240,1240,778,480],el:[900,900,780,720],gw:[1240,1240,778,480],gh:[900,900,780,720],type:'standard',justify:'',layout:'fullscreen',offsetContainer:'',offset:'',mh:\"0\"});if (window.RS_MODULES!==undefined && window.RS_MODULES.modules!==undefined && window.RS_MODULES.modules[\"revslider11\"]!==undefined) {window.RS_MODULES.modules[\"revslider11\"].once = false;window.revapi1 = undefined;if (window.RS_MODULES.checkMinimal!==undefined) window.RS_MODULES.checkMinimal()}\n\t\t\t\t<\/script>\n\t\t\t<\/rs-module-wrap>\n\t\t\t<!-- END REVOLUTION SLIDER -->\n[\/vc_column][\/vc_row][vc_row row_type=&#8221;main-section&#8221; wr_section_layout=&#8221;section_grid&#8221; wr_section_class=&#8221;home-building&#8221; wr_padding_top=&#8221;50&#8243; wr_padding_bottom=&#8221;50&#8243; css=&#8221;.vc_custom_1730139421291{margin-top: 100px !important;margin-bottom: 100px !important;padding-right: 0px !important;padding-left: 0px !important;}&#8221;][vc_column css=&#8221;.vc_custom_1727876691272{padding-right: 0px !important;padding-left: 0px !important;}&#8221;][vc_empty_space height=&#8221;90px&#8221;][vc_custom_heading text=&#8221;EGSU Homes Inmobiliaria&#8221; use_theme_fonts=&#8221;yes&#8221; css=&#8221;&#8221;][vc_column_text css=&#8221;&#8221;]En EGSU Homes Inmobiliaria, nos dedicamos a la venta de casas listas para habitar, completamente amuebladas y dise\u00f1adas para quienes buscan un hogar en un entorno seguro y legal en Costa Rica. Ofrecemos propiedades exclusivas en medio de la monta\u00f1a, con vistas al mar y un dise\u00f1o minimalista que combina modernidad y naturaleza.<\/p>\n<p>Nuestros proyectos est\u00e1n pensados para familias que desean mudarse a una casa lista para vivir, con la tranquilidad de saber que todo est\u00e1 en regla. Con EGSU Homes Inmobiliaria, tendr\u00e1 la seguridad de invertir en una propiedad de calidad en un para\u00edso tropical.[\/vc_column_text][vc_empty_space height=&#8221;30px&#8221;]<div class=\"sec-services services  mb-40 projects-text\" style=\"\"><div class=\"item\" style=\"background-image: url(https:\/\/www.egsuhomes.com\/inmobiliaria\/wp-content\/uploads\/2024\/11\/fondo-de-banner-home4.webp);\"><div class=\"con\"><h5 style=\"color:#0a0a0a;\">Casas en Venta<\/h5><p>\n<p style=\"text-align: left;\"><a class=\"btnservicio\" href=\"https:\/\/www.egsuhomes.com\/inmobiliaria\/casas-venta\/\">Ver Nuestras Casas<\/a><\/p>\n<\/p><\/div><\/div><\/div>[\/vc_column][\/vc_row][vc_row row_type=&#8221;main-section&#8221; wr_section_layout=&#8221;section_grid&#8221; wr_background_color=&#8221;rgba(255,255,255,0.01)&#8221; wr_background_parallax=&#8221;fixed&#8221; wr_background_parallaxx=&#8221;bg-img pos-re&#8221; wr_margin_top=&#8221;100px&#8221;][vc_column css=&#8221;.vc_custom_1730919097890{padding-right: 0px !important;padding-left: 0px !important;background-image: url(https:\/\/www.egsuhomes.com\/inmobiliaria\/wp-content\/uploads\/2024\/10\/egsu-homes-inmobiliaria-671ff1edabe9a.webp?id=3809) !important;background-position: center !important;background-repeat: no-repeat !important;background-size: cover !important;}&#8221;][vc_empty_space height=&#8221;40px&#8221;][vc_custom_heading text=&#8221;DESEA M\u00c1S INFORMACI\u00d3N&#8221; font_container=&#8221;tag:div|text_align:center|color:%23FFFFFF&#8221; use_theme_fonts=&#8221;yes&#8221; css=&#8221;&#8221; el_class=&#8221;subtitulo1&#8243;][vc_custom_heading text=&#8221;Cont\u00e1ctenos&#8221; font_container=&#8221;tag:h2|text_align:center|color:%23ffffff&#8221; use_theme_fonts=&#8221;yes&#8221; css=&#8221;&#8221; el_class=&#8221;titulo1&#8243;][vc_custom_heading text=&#8221;Cont\u00e1ctenos para obtener m\u00e1s informaci\u00f3n sobre estas propiedades u otras opciones disponibles.<br \/>\nEstamos listos para ayudarle a encontrar su nuevo hogar.&#8221; font_container=&#8221;tag:p|text_align:center|color:%23ffffff&#8221; use_theme_fonts=&#8221;yes&#8221; css=&#8221;&#8221;][vc_empty_space height=&#8221;60px&#8221;][\/vc_column][\/vc_row][vc_row row_type=&#8221;main-section&#8221; wr_section_layout=&#8221;section_grid&#8221; wr_background_color=&#8221;#FFFFFF00&#8243; wr_background_parallax=&#8221;fixed&#8221; wr_background_parallaxx=&#8221;bg-img pos-re&#8221; wr_margin_top=&#8221;30px&#8221; wr_margin_bottom=&#8221;100px&#8221; css=&#8221;.vc_custom_1728571793592{padding-right: 0px !important;padding-left: 0px !important;}&#8221;][vc_column css=&#8221;.vc_custom_1730919040309{margin-right: 0px !important;margin-left: 0px !important;padding-right: 0px !important;padding-left: 0px !important;}&#8221;]\n<div class=\"wpcf7 no-js\" id=\"wpcf7-f185-o1\" lang=\"es-ES\" dir=\"ltr\" data-wpcf7-id=\"185\">\n<div class=\"screen-reader-response\"><p role=\"status\" aria-live=\"polite\" aria-atomic=\"true\"><\/p> <ul><\/ul><\/div>\n<form action=\"\/inmobiliaria\/wp-json\/wp\/v2\/pages\/3274#wpcf7-f185-o1\" method=\"post\" class=\"wpcf7-form init\" aria-label=\"Formulario de contacto\" novalidate=\"novalidate\" data-status=\"init\">\n<div style=\"display: none;\">\n<input type=\"hidden\" name=\"_wpcf7\" value=\"185\" \/>\n<input type=\"hidden\" name=\"_wpcf7_version\" value=\"6.0.6\" \/>\n<input type=\"hidden\" name=\"_wpcf7_locale\" value=\"es_ES\" \/>\n<input type=\"hidden\" name=\"_wpcf7_unit_tag\" value=\"wpcf7-f185-o1\" \/>\n<input type=\"hidden\" name=\"_wpcf7_container_post\" value=\"0\" \/>\n<input type=\"hidden\" name=\"_wpcf7_posted_data_hash\" value=\"\" \/>\n<input type=\"hidden\" name=\"_wpcf7_recaptcha_response\" value=\"\" \/>\n<\/div>\n<div class=\"col-sm-12\">\n\t<div class=\"row\">\n\t\t<div class=\"col-sm-6\">\n\t\t\t<p><span class=\"wpcf7-form-control-wrap\" data-name=\"su-nombre\"><input size=\"40\" maxlength=\"400\" class=\"wpcf7-form-control wpcf7-text wpcf7-validates-as-required\" aria-required=\"true\" aria-invalid=\"false\" placeholder=\"Nombre\" value=\"\" type=\"text\" name=\"su-nombre\" \/><\/span>\n\t\t\t<\/p>\n\t\t<\/div>\n\t\t<div class=\"col-sm-6\">\n\t\t\t<p><span class=\"wpcf7-form-control-wrap\" data-name=\"su-email\"><input size=\"40\" maxlength=\"400\" class=\"wpcf7-form-control wpcf7-email wpcf7-validates-as-required wpcf7-text wpcf7-validates-as-email\" aria-required=\"true\" aria-invalid=\"false\" placeholder=\"E-mail\" value=\"\" type=\"email\" name=\"su-email\" \/><\/span>\n\t\t\t<\/p>\n\t\t<\/div>\n\t<\/div>\n\t<p><span class=\"wpcf7-form-control-wrap\" data-name=\"telefono\"><input size=\"100\" maxlength=\"400\" class=\"wpcf7-form-control wpcf7-text\" aria-invalid=\"false\" placeholder=\"Tel\u00e9fono\" value=\"\" type=\"text\" name=\"telefono\" \/><\/span><br \/>\n<span class=\"wpcf7-form-control-wrap\" data-name=\"mensaje\"><textarea cols=\"100\" rows=\"10\" maxlength=\"2000\" class=\"wpcf7-form-control wpcf7-textarea wpcf7-validates-as-required\" aria-required=\"true\" aria-invalid=\"false\" placeholder=\"Mensaje \/ Comentarios\" name=\"mensaje\"><\/textarea><\/span>\n\t<\/p>\n\t<p><button type=\"submit\" class=\"btn wpcf7-form-control wpcf7-submit\"><span>Enviar mensaje <i class=\"ti-arrow-right\"><\/i><\/span><\/button>\n\t<\/p>\n<\/div><p style=\"display: none !important;\" class=\"akismet-fields-container\" data-prefix=\"_wpcf7_ak_\"><label>&#916;<textarea name=\"_wpcf7_ak_hp_textarea\" cols=\"45\" rows=\"8\" maxlength=\"100\"><\/textarea><\/label><input type=\"hidden\" id=\"ak_js_1\" name=\"_wpcf7_ak_js\" value=\"68\"\/><script>document.getElementById( \"ak_js_1\" ).setAttribute( \"value\", ( new Date() ).getTime() );<\/script><\/p><div class=\"wpcf7-response-output\" aria-hidden=\"true\"><\/div>\n<\/form>\n<\/div>\n[\/vc_column][\/vc_row]\n<\/div>","protected":false},"excerpt":{"rendered":"<p>[vc_row][vc_column][\/vc_column][\/vc_row][vc_row row_type=&#8221;main-section&#8221; wr_section_layout=&#8221;section_grid&#8221; wr_section_class=&#8221;home-building&#8221; wr_padding_top=&#8221;50&#8243; wr_padding_bottom=&#8221;50&#8243; css=&#8221;.vc_custom_1730139421291{margin-top: 100px !important;margin-bottom: 100px !important;padding-right: 0px !important;padding-left: 0px !important;}&#8221;][vc_column css=&#8221;.vc_custom_1727876691272{padding-right: 0px !important;padding-left: 0px !important;}&#8221;][vc_empty_space height=&#8221;90px&#8221;][vc_custom_heading text=&#8221;EGSU Homes Inmobiliaria&#8221; use_theme_fonts=&#8221;yes&#8221; css=&#8221;&#8221;][vc_column_text css=&#8221;&#8221;]En EGSU Homes Inmobiliaria, nos dedicamos a la venta de casas listas para habitar, completamente amuebladas y dise\u00f1adas para quienes buscan un hogar en un entorno seguro y legal<\/p>\n","protected":false},"author":1,"featured_media":0,"parent":0,"menu_order":0,"comment_status":"closed","ping_status":"closed","template":"","meta":{"_acf_changed":false,"footnotes":"","_links_to":"","_links_to_target":""},"class_list":["post-3274","page","type-page","status-publish","hentry"],"acf":[],"yoast_head":"<!-- This site is optimized with the Yoast SEO plugin v27.2 - https:\/\/yoast.com\/product\/yoast-seo-wordpress\/ -->\n<title>Casas en venta en Dominical - Uvita - Ojochal - Costa Rica - EGSU<\/title>\n<meta name=\"description\" content=\"Descubra las mejores casas en venta en Dominical, Uvita y Ojochal, Costa Rica. Encuentre su hogar ideal en el Pac\u00edfico Sur con EGSU.\" \/>\n<meta name=\"robots\" content=\"index, follow, max-snippet:-1, max-image-preview:large, max-video-preview:-1\" \/>\n<link rel=\"canonical\" href=\"https:\/\/www.egsuhomes.com\/inmobiliaria\/\" \/>\n<meta property=\"og:locale\" content=\"es_ES\" \/>\n<meta property=\"og:type\" content=\"article\" \/>\n<meta property=\"og:title\" content=\"Casas en venta en Dominical - Uvita - Ojochal - Costa Rica - EGSU\" \/>\n<meta property=\"og:description\" content=\"Descubra las mejores casas en venta en Dominical, Uvita y Ojochal, Costa Rica. Encuentre su hogar ideal en el Pac\u00edfico Sur con EGSU.\" \/>\n<meta property=\"og:url\" content=\"https:\/\/www.egsuhomes.com\/inmobiliaria\/\" \/>\n<meta property=\"og:site_name\" content=\"EGSU\" \/>\n<meta property=\"article:modified_time\" content=\"2024-12-03T23:24:38+00:00\" \/>\n<meta name=\"twitter:card\" content=\"summary_large_image\" \/>\n<meta name=\"twitter:label1\" content=\"Tiempo de lectura\" \/>\n\t<meta name=\"twitter:data1\" content=\"2 minutos\" \/>\n<script type=\"application\/ld+json\" class=\"yoast-schema-graph\">{\"@context\":\"https:\/\/schema.org\",\"@graph\":[{\"@type\":\"WebPage\",\"@id\":\"https:\/\/www.egsuhomes.com\/inmobiliaria\/\",\"url\":\"https:\/\/www.egsuhomes.com\/inmobiliaria\/\",\"name\":\"Casas en venta en Dominical - Uvita - Ojochal - Costa Rica - EGSU\",\"isPartOf\":{\"@id\":\"https:\/\/www.egsuhomes.com\/inmobiliaria\/#website\"},\"datePublished\":\"2024-08-22T21:55:50+00:00\",\"dateModified\":\"2024-12-03T23:24:38+00:00\",\"description\":\"Descubra las mejores casas en venta en Dominical, Uvita y Ojochal, Costa Rica. Encuentre su hogar ideal en el Pac\u00edfico Sur con EGSU.\",\"breadcrumb\":{\"@id\":\"https:\/\/www.egsuhomes.com\/inmobiliaria\/#breadcrumb\"},\"inLanguage\":\"es\",\"potentialAction\":[{\"@type\":\"ReadAction\",\"target\":[\"https:\/\/www.egsuhomes.com\/inmobiliaria\/\"]}]},{\"@type\":\"BreadcrumbList\",\"@id\":\"https:\/\/www.egsuhomes.com\/inmobiliaria\/#breadcrumb\",\"itemListElement\":[{\"@type\":\"ListItem\",\"position\":1,\"name\":\"Portada\",\"item\":\"https:\/\/www.egsuhomes.com\/inmobiliaria\/\"},{\"@type\":\"ListItem\",\"position\":2,\"name\":\"Inicio\"}]},{\"@type\":\"WebSite\",\"@id\":\"https:\/\/www.egsuhomes.com\/inmobiliaria\/#website\",\"url\":\"https:\/\/www.egsuhomes.com\/inmobiliaria\/\",\"name\":\"EGSU Homes Inmobiliaria\",\"description\":\"Dise\u00f1o y construcci\u00f3n de casas de playa\",\"publisher\":{\"@id\":\"https:\/\/www.egsuhomes.com\/inmobiliaria\/#organization\"},\"potentialAction\":[{\"@type\":\"SearchAction\",\"target\":{\"@type\":\"EntryPoint\",\"urlTemplate\":\"https:\/\/www.egsuhomes.com\/inmobiliaria\/?s={search_term_string}\"},\"query-input\":{\"@type\":\"PropertyValueSpecification\",\"valueRequired\":true,\"valueName\":\"search_term_string\"}}],\"inLanguage\":\"es\"},{\"@type\":\"Organization\",\"@id\":\"https:\/\/www.egsuhomes.com\/inmobiliaria\/#organization\",\"name\":\"EGSU Homes Inmobiliaria\",\"url\":\"https:\/\/www.egsuhomes.com\/inmobiliaria\/\",\"logo\":{\"@type\":\"ImageObject\",\"inLanguage\":\"es\",\"@id\":\"https:\/\/www.egsuhomes.com\/inmobiliaria\/#\/schema\/logo\/image\/\",\"url\":\"https:\/\/www.egsuhomes.com\/inmobiliaria\/wp-content\/uploads\/2024\/10\/logo-egsu-inmobiliaria.png\",\"contentUrl\":\"https:\/\/www.egsuhomes.com\/inmobiliaria\/wp-content\/uploads\/2024\/10\/logo-egsu-inmobiliaria.png\",\"width\":512,\"height\":512,\"caption\":\"EGSU Homes Inmobiliaria\"},\"image\":{\"@id\":\"https:\/\/www.egsuhomes.com\/inmobiliaria\/#\/schema\/logo\/image\/\"}}]}<\/script>\n<!-- \/ Yoast SEO plugin. -->","yoast_head_json":{"title":"Casas en venta en Dominical - Uvita - Ojochal - Costa Rica - EGSU","description":"Descubra las mejores casas en venta en Dominical, Uvita y Ojochal, Costa Rica. Encuentre su hogar ideal en el Pac\u00edfico Sur con EGSU.","robots":{"index":"index","follow":"follow","max-snippet":"max-snippet:-1","max-image-preview":"max-image-preview:large","max-video-preview":"max-video-preview:-1"},"canonical":"https:\/\/www.egsuhomes.com\/inmobiliaria\/","og_locale":"es_ES","og_type":"article","og_title":"Casas en venta en Dominical - Uvita - Ojochal - Costa Rica - EGSU","og_description":"Descubra las mejores casas en venta en Dominical, Uvita y Ojochal, Costa Rica. Encuentre su hogar ideal en el Pac\u00edfico Sur con EGSU.","og_url":"https:\/\/www.egsuhomes.com\/inmobiliaria\/","og_site_name":"EGSU","article_modified_time":"2024-12-03T23:24:38+00:00","twitter_card":"summary_large_image","twitter_misc":{"Tiempo de lectura":"2 minutos"},"schema":{"@context":"https:\/\/schema.org","@graph":[{"@type":"WebPage","@id":"https:\/\/www.egsuhomes.com\/inmobiliaria\/","url":"https:\/\/www.egsuhomes.com\/inmobiliaria\/","name":"Casas en venta en Dominical - Uvita - Ojochal - Costa Rica - EGSU","isPartOf":{"@id":"https:\/\/www.egsuhomes.com\/inmobiliaria\/#website"},"datePublished":"2024-08-22T21:55:50+00:00","dateModified":"2024-12-03T23:24:38+00:00","description":"Descubra las mejores casas en venta en Dominical, Uvita y Ojochal, Costa Rica. Encuentre su hogar ideal en el Pac\u00edfico Sur con EGSU.","breadcrumb":{"@id":"https:\/\/www.egsuhomes.com\/inmobiliaria\/#breadcrumb"},"inLanguage":"es","potentialAction":[{"@type":"ReadAction","target":["https:\/\/www.egsuhomes.com\/inmobiliaria\/"]}]},{"@type":"BreadcrumbList","@id":"https:\/\/www.egsuhomes.com\/inmobiliaria\/#breadcrumb","itemListElement":[{"@type":"ListItem","position":1,"name":"Portada","item":"https:\/\/www.egsuhomes.com\/inmobiliaria\/"},{"@type":"ListItem","position":2,"name":"Inicio"}]},{"@type":"WebSite","@id":"https:\/\/www.egsuhomes.com\/inmobiliaria\/#website","url":"https:\/\/www.egsuhomes.com\/inmobiliaria\/","name":"EGSU Homes Inmobiliaria","description":"Dise\u00f1o y construcci\u00f3n de casas de playa","publisher":{"@id":"https:\/\/www.egsuhomes.com\/inmobiliaria\/#organization"},"potentialAction":[{"@type":"SearchAction","target":{"@type":"EntryPoint","urlTemplate":"https:\/\/www.egsuhomes.com\/inmobiliaria\/?s={search_term_string}"},"query-input":{"@type":"PropertyValueSpecification","valueRequired":true,"valueName":"search_term_string"}}],"inLanguage":"es"},{"@type":"Organization","@id":"https:\/\/www.egsuhomes.com\/inmobiliaria\/#organization","name":"EGSU Homes Inmobiliaria","url":"https:\/\/www.egsuhomes.com\/inmobiliaria\/","logo":{"@type":"ImageObject","inLanguage":"es","@id":"https:\/\/www.egsuhomes.com\/inmobiliaria\/#\/schema\/logo\/image\/","url":"https:\/\/www.egsuhomes.com\/inmobiliaria\/wp-content\/uploads\/2024\/10\/logo-egsu-inmobiliaria.png","contentUrl":"https:\/\/www.egsuhomes.com\/inmobiliaria\/wp-content\/uploads\/2024\/10\/logo-egsu-inmobiliaria.png","width":512,"height":512,"caption":"EGSU Homes Inmobiliaria"},"image":{"@id":"https:\/\/www.egsuhomes.com\/inmobiliaria\/#\/schema\/logo\/image\/"}}]}},"_links":{"self":[{"href":"https:\/\/www.egsuhomes.com\/inmobiliaria\/wp-json\/wp\/v2\/pages\/3274","targetHints":{"allow":["GET"]}}],"collection":[{"href":"https:\/\/www.egsuhomes.com\/inmobiliaria\/wp-json\/wp\/v2\/pages"}],"about":[{"href":"https:\/\/www.egsuhomes.com\/inmobiliaria\/wp-json\/wp\/v2\/types\/page"}],"author":[{"embeddable":true,"href":"https:\/\/www.egsuhomes.com\/inmobiliaria\/wp-json\/wp\/v2\/users\/1"}],"replies":[{"embeddable":true,"href":"https:\/\/www.egsuhomes.com\/inmobiliaria\/wp-json\/wp\/v2\/comments?post=3274"}],"version-history":[{"count":42,"href":"https:\/\/www.egsuhomes.com\/inmobiliaria\/wp-json\/wp\/v2\/pages\/3274\/revisions"}],"predecessor-version":[{"id":3894,"href":"https:\/\/www.egsuhomes.com\/inmobiliaria\/wp-json\/wp\/v2\/pages\/3274\/revisions\/3894"}],"wp:attachment":[{"href":"https:\/\/www.egsuhomes.com\/inmobiliaria\/wp-json\/wp\/v2\/media?parent=3274"}],"curies":[{"name":"wp","href":"https:\/\/api.w.org\/{rel}","templated":true}]}}