
{"id":95,"date":"2020-11-06T20:38:32","date_gmt":"2020-11-06T20:38:32","guid":{"rendered":"http:\/\/localhost\/togo\/?page_id=95"},"modified":"2024-11-06T11:49:58","modified_gmt":"2024-11-06T17:49:58","slug":"contacto","status":"publish","type":"page","link":"https:\/\/www.egsuhomes.com\/inmobiliaria\/contacto\/","title":{"rendered":"Contacto"},"content":{"rendered":"<div class=\"wpb-content-wrapper\">[vc_row row_type=&#8221;main-section&#8221; wr_section_layout=&#8221;section_grid&#8221; wr_default_pad=&#8221;pt-100 pb-100&#8243;][vc_column css=&#8221;.vc_custom_1727906512389{padding-right: 0px !important;padding-left: 0px !important;}&#8221;][vc_row_inner][vc_column_inner width=&#8221;1\/2&#8243;]<div class=\"sec-contact-info contact h2-title\"><div class=\"item\" style=\"background-image: url(https:\/\/www.egsuhomes.com\/inmobiliaria\/wp-content\/uploads\/2024\/10\/sketch-perla-6707e4f415a1f.webp);\"><div class=\"con\"><h5 style=\"color:#ffffff;\">Informaci\u00f3n de contacto<\/h5><p><i class=\"ti-home\"><\/i> 25 m Sur de Oficinas Centrales de Coopealianza, San Isidro del General, P\u00e9rez Zeled\u00f3n, Costa Rica.<\/p><p><i class=\"ti-mobile\"><\/i> +506 2772-4313<br \/>\n+506 8725-3535 <\/p><p><i class=\"ti-envelope\"><\/i> <a target=\"_blank\" href=\"mailto:info@egsuhomes.com\">info@egsuhomes.com<\/a><\/p><\/div><\/div><\/div>[\/vc_column_inner][vc_column_inner width=&#8221;1\/2&#8243;][vc_empty_space el_class=&#8221;hidden-on-mobile&#8221;]<div class=\"sec-title  \"><h6 class=\"small-title\" style=\"\">Envienos un mensaje<\/h6><h4 class=\"title\" style=\"margin:0px 0px 20px 0px;text-align:left;\">Escr\u00edbanos<\/h4><\/div><div class=\"sec-contact-form \"><div class=\"custom-form row\">\n<div class=\"wpcf7 no-js\" id=\"wpcf7-f453-o1\" lang=\"es-ES\" dir=\"ltr\" data-wpcf7-id=\"453\">\n<div class=\"screen-reader-response\"><p role=\"status\" aria-live=\"polite\" aria-atomic=\"true\"><\/p> <ul><\/ul><\/div>\n<form action=\"\/inmobiliaria\/wp-json\/wp\/v2\/pages\/95#wpcf7-f453-o1\" method=\"post\" class=\"wpcf7-form init\" aria-label=\"Formulario de contacto\" novalidate=\"novalidate\" data-status=\"init\">\n<div style=\"display: none;\">\n<input type=\"hidden\" name=\"_wpcf7\" value=\"453\" \/>\n<input type=\"hidden\" name=\"_wpcf7_version\" value=\"6.0.6\" \/>\n<input type=\"hidden\" name=\"_wpcf7_locale\" value=\"es_ES\" \/>\n<input type=\"hidden\" name=\"_wpcf7_unit_tag\" value=\"wpcf7-f453-o1\" \/>\n<input type=\"hidden\" name=\"_wpcf7_container_post\" value=\"0\" \/>\n<input type=\"hidden\" name=\"_wpcf7_posted_data_hash\" value=\"\" \/>\n<input type=\"hidden\" name=\"_wpcf7_recaptcha_response\" value=\"\" \/>\n<\/div>\n<div class=\"col-sm-12\">\n\t<div class=\"row\">\n\t\t<div class=\"col-sm-6\">\n\t\t\t<p><span class=\"wpcf7-form-control-wrap\" data-name=\"su-nombre\"><input size=\"40\" maxlength=\"400\" class=\"wpcf7-form-control wpcf7-text wpcf7-validates-as-required\" aria-required=\"true\" aria-invalid=\"false\" placeholder=\"Nombre\" value=\"\" type=\"text\" name=\"su-nombre\" \/><\/span>\n\t\t\t<\/p>\n\t\t<\/div>\n\t\t<div class=\"col-sm-6\">\n\t\t\t<p><span class=\"wpcf7-form-control-wrap\" data-name=\"su-email\"><input size=\"40\" maxlength=\"400\" class=\"wpcf7-form-control wpcf7-email wpcf7-validates-as-required wpcf7-text wpcf7-validates-as-email\" aria-required=\"true\" aria-invalid=\"false\" placeholder=\"E-mail\" value=\"\" type=\"email\" name=\"su-email\" \/><\/span>\n\t\t\t<\/p>\n\t\t<\/div>\n\t<\/div>\n\t<p><span class=\"wpcf7-form-control-wrap\" data-name=\"telefono\"><input size=\"100\" maxlength=\"400\" class=\"wpcf7-form-control wpcf7-text\" aria-invalid=\"false\" placeholder=\"Tel\u00e9fono\" value=\"\" type=\"text\" name=\"telefono\" \/><\/span><br \/>\n<span class=\"wpcf7-form-control-wrap\" data-name=\"mensaje\"><textarea cols=\"100\" rows=\"10\" maxlength=\"2000\" class=\"wpcf7-form-control wpcf7-textarea wpcf7-validates-as-required\" aria-required=\"true\" aria-invalid=\"false\" placeholder=\"Mensaje \/ Comentarios\" name=\"mensaje\"><\/textarea><\/span>\n\t<\/p>\n\t<p><button type=\"submit\" class=\"btn wpcf7-form-control wpcf7-submit\"><span>Enviar mensaje <i class=\"ti-arrow-right\"><\/i><\/span><\/button>\n\t<\/p>\n<\/div><p style=\"display: none !important;\" class=\"akismet-fields-container\" data-prefix=\"_wpcf7_ak_\"><label>&#916;<textarea name=\"_wpcf7_ak_hp_textarea\" cols=\"45\" rows=\"8\" maxlength=\"100\"><\/textarea><\/label><input type=\"hidden\" id=\"ak_js_1\" name=\"_wpcf7_ak_js\" value=\"82\"\/><script>document.getElementById( \"ak_js_1\" ).setAttribute( \"value\", ( new Date() ).getTime() );<\/script><\/p><div class=\"wpcf7-response-output\" aria-hidden=\"true\"><\/div>\n<\/form>\n<\/div>\n<\/div><\/div>[\/vc_column_inner][\/vc_row_inner][\/vc_column][\/vc_row][vc_row row_type=&#8221;main-section&#8221; wr_section_layout=&#8221;section_grid&#8221; wr_default_pad=&#8221;pt-100 pb-100&#8243;][vc_column][vc_custom_heading text=&#8221;Nuestra&#8221; font_container=&#8221;tag:div|text_align:center&#8221; use_theme_fonts=&#8221;yes&#8221; el_class=&#8221;subtitulo1&#8243;][vc_custom_heading text=&#8221;Ubicaci\u00f3n&#8221; font_container=&#8221;tag:h2|text_align:center&#8221; use_theme_fonts=&#8221;yes&#8221; el_class=&#8221;titulo1&#8243;][vc_empty_space][\/vc_column][\/vc_row][vc_row row_type=&#8221;main-section&#8221; wr_section_layout=&#8221;section_grid&#8221; wr_margin_bottom=&#8221;50px&#8221;][vc_column css=&#8221;.vc_custom_1727906500806{padding-right: 0px !important;padding-left: 0px !important;}&#8221;][vc_gmaps link=&#8221;#E-8_JTNDaWZyYW1lJTIwc3JjJTNEJTIyaHR0cHMlM0ElMkYlMkZ3d3cuZ29vZ2xlLmNvbSUyRm1hcHMlMkZlbWJlZCUzRnBiJTNEJTIxMW0xOCUyMTFtMTIlMjExbTMlMjExZDg1MS44MDY1NDM4OTY5MjczJTIxMmQtODMuNzA2MjY3ODc2MjM3NDglMjEzZDkuMzczMjA3MDYwMzc0NDA4JTIxMm0zJTIxMWYwJTIxMmYwJTIxM2YwJTIxM20yJTIxMWkxMDI0JTIxMmk3NjglMjE0ZjEzLjElMjEzbTMlMjExbTIlMjExczB4OGZhMTU3Mzk3ZGRmODE1NyUyNTNBMHhiZGEyYzRiODIyYzJmYjI0JTIxMnNFR1NVJTIxNWUwJTIxM20yJTIxMXNlcy00MTklMjEyc2NyJTIxNHYxNzI4OTQ0OTI3NTgyJTIxNW0yJTIxMXNlcy00MTklMjEyc2NyJTIyJTIwd2lkdGglM0QlMjI2MDAlMjIlMjBoZWlnaHQlM0QlMjI0NTAlMjIlMjBzdHlsZSUzRCUyMmJvcmRlciUzQTAlM0IlMjIlMjBhbGxvd2Z1bGxzY3JlZW4lM0QlMjIlMjIlMjBsb2FkaW5nJTNEJTIybGF6eSUyMiUyMHJlZmVycmVycG9saWN5JTNEJTIybm8tcmVmZXJyZXItd2hlbi1kb3duZ3JhZGUlMjIlM0UlM0MlMkZpZnJhbWUlM0U=&#8221; css=&#8221;&#8221;][\/vc_column][\/vc_row]\n<\/div>","protected":false},"excerpt":{"rendered":"<p>[vc_row row_type=&#8221;main-section&#8221; wr_section_layout=&#8221;section_grid&#8221; wr_default_pad=&#8221;pt-100 pb-100&#8243;][vc_column css=&#8221;.vc_custom_1727906512389{padding-right: 0px !important;padding-left: 0px !important;}&#8221;][vc_row_inner][vc_column_inner width=&#8221;1\/2&#8243;][\/vc_column_inner][vc_column_inner width=&#8221;1\/2&#8243;][vc_empty_space el_class=&#8221;hidden-on-mobile&#8221;][\/vc_column_inner][\/vc_row_inner][\/vc_column][\/vc_row][vc_row row_type=&#8221;main-section&#8221; wr_section_layout=&#8221;section_grid&#8221; wr_default_pad=&#8221;pt-100 pb-100&#8243;][vc_column][vc_custom_heading text=&#8221;Nuestra&#8221; font_container=&#8221;tag:div|text_align:center&#8221; use_theme_fonts=&#8221;yes&#8221; el_class=&#8221;subtitulo1&#8243;][vc_custom_heading text=&#8221;Ubicaci\u00f3n&#8221; font_container=&#8221;tag:h2|text_align:center&#8221; use_theme_fonts=&#8221;yes&#8221; el_class=&#8221;titulo1&#8243;][vc_empty_space][\/vc_column][\/vc_row][vc_row row_type=&#8221;main-section&#8221; wr_section_layout=&#8221;section_grid&#8221; wr_margin_bottom=&#8221;50px&#8221;][vc_column css=&#8221;.vc_custom_1727906500806{padding-right: 0px !important;padding-left: 0px !important;}&#8221;][vc_gmaps link=&#8221;#E-8_JTNDaWZyYW1lJTIwc3JjJTNEJTIyaHR0cHMlM0ElMkYlMkZ3d3cuZ29vZ2xlLmNvbSUyRm1hcHMlMkZlbWJlZCUzRnBiJTNEJTIxMW0xOCUyMTFtMTIlMjExbTMlMjExZDg1MS44MDY1NDM4OTY5MjczJTIxMmQtODMuNzA2MjY3ODc2MjM3NDglMjEzZDkuMzczMjA3MDYwMzc0NDA4JTIxMm0zJTIxMWYwJTIxMmYwJTIxM2YwJTIxM20yJTIxMWkxMDI0JTIxMmk3NjglMjE0ZjEzLjElMjEzbTMlMjExbTIlMjExczB4OGZhMTU3Mzk3ZGRmODE1NyUyNTNBMHhiZGEyYzRiODIyYzJmYjI0JTIxMnNFR1NVJTIxNWUwJTIxM20yJTIxMXNlcy00MTklMjEyc2NyJTIxNHYxNzI4OTQ0OTI3NTgyJTIxNW0yJTIxMXNlcy00MTklMjEyc2NyJTIyJTIwd2lkdGglM0QlMjI2MDAlMjIlMjBoZWlnaHQlM0QlMjI0NTAlMjIlMjBzdHlsZSUzRCUyMmJvcmRlciUzQTAlM0IlMjIlMjBhbGxvd2Z1bGxzY3JlZW4lM0QlMjIlMjIlMjBsb2FkaW5nJTNEJTIybGF6eSUyMiUyMHJlZmVycmVycG9saWN5JTNEJTIybm8tcmVmZXJyZXItd2hlbi1kb3duZ3JhZGUlMjIlM0UlM0MlMkZpZnJhbWUlM0U=&#8221; css=&#8221;&#8221;][\/vc_column]<\/p>\n","protected":false},"author":1,"featured_media":0,"parent":0,"menu_order":0,"comment_status":"closed","ping_status":"closed","template":"","meta":{"_acf_changed":false,"footnotes":"","_links_to":"","_links_to_target":""},"class_list":["post-95","page","type-page","status-publish","hentry"],"acf":[],"yoast_head":"<!-- This site is optimized with the Yoast SEO plugin v27.2 - https:\/\/yoast.com\/product\/yoast-seo-wordpress\/ -->\n<title>Empresas inmobiliarias en Dominical - Uvita - Ojochal<\/title>\n<meta name=\"description\" content=\"Empresas inmobiliarias: Venta de viviendas modernas y de estilo contempor\u00e1neo, cont\u00e1ctenos para conocer m\u00e1s de nuestros servicios.\" \/>\n<meta name=\"robots\" content=\"index, follow, max-snippet:-1, max-image-preview:large, max-video-preview:-1\" \/>\n<link rel=\"canonical\" href=\"https:\/\/www.egsuhomes.com\/inmobiliaria\/contacto\/\" \/>\n<meta property=\"og:locale\" content=\"es_ES\" \/>\n<meta property=\"og:type\" content=\"article\" \/>\n<meta property=\"og:title\" content=\"Empresas inmobiliarias en Dominical - Uvita - Ojochal\" \/>\n<meta property=\"og:description\" content=\"Empresas inmobiliarias: Venta de viviendas modernas y de estilo contempor\u00e1neo, cont\u00e1ctenos para conocer m\u00e1s de nuestros servicios.\" \/>\n<meta property=\"og:url\" content=\"https:\/\/www.egsuhomes.com\/inmobiliaria\/contacto\/\" \/>\n<meta property=\"og:site_name\" content=\"EGSU\" \/>\n<meta property=\"article:modified_time\" content=\"2024-11-06T17:49:58+00:00\" \/>\n<meta name=\"twitter:card\" content=\"summary_large_image\" \/>\n<meta name=\"twitter:label1\" content=\"Tiempo de lectura\" \/>\n\t<meta name=\"twitter:data1\" content=\"1 minuto\" \/>\n<script type=\"application\/ld+json\" class=\"yoast-schema-graph\">{\"@context\":\"https:\/\/schema.org\",\"@graph\":[{\"@type\":\"WebPage\",\"@id\":\"https:\/\/www.egsuhomes.com\/inmobiliaria\/contacto\/\",\"url\":\"https:\/\/www.egsuhomes.com\/inmobiliaria\/contacto\/\",\"name\":\"Empresas inmobiliarias en Dominical - Uvita - Ojochal\",\"isPartOf\":{\"@id\":\"https:\/\/www.egsuhomes.com\/inmobiliaria\/#website\"},\"datePublished\":\"2020-11-06T20:38:32+00:00\",\"dateModified\":\"2024-11-06T17:49:58+00:00\",\"description\":\"Empresas inmobiliarias: Venta de viviendas modernas y de estilo contempor\u00e1neo, cont\u00e1ctenos para conocer m\u00e1s de nuestros servicios.\",\"breadcrumb\":{\"@id\":\"https:\/\/www.egsuhomes.com\/inmobiliaria\/contacto\/#breadcrumb\"},\"inLanguage\":\"es\",\"potentialAction\":[{\"@type\":\"ReadAction\",\"target\":[\"https:\/\/www.egsuhomes.com\/inmobiliaria\/contacto\/\"]}]},{\"@type\":\"BreadcrumbList\",\"@id\":\"https:\/\/www.egsuhomes.com\/inmobiliaria\/contacto\/#breadcrumb\",\"itemListElement\":[{\"@type\":\"ListItem\",\"position\":1,\"name\":\"Portada\",\"item\":\"https:\/\/www.egsuhomes.com\/inmobiliaria\/\"},{\"@type\":\"ListItem\",\"position\":2,\"name\":\"Contacto\"}]},{\"@type\":\"WebSite\",\"@id\":\"https:\/\/www.egsuhomes.com\/inmobiliaria\/#website\",\"url\":\"https:\/\/www.egsuhomes.com\/inmobiliaria\/\",\"name\":\"EGSU Homes Inmobiliaria\",\"description\":\"Dise\u00f1o y construcci\u00f3n de casas de playa\",\"publisher\":{\"@id\":\"https:\/\/www.egsuhomes.com\/inmobiliaria\/#organization\"},\"potentialAction\":[{\"@type\":\"SearchAction\",\"target\":{\"@type\":\"EntryPoint\",\"urlTemplate\":\"https:\/\/www.egsuhomes.com\/inmobiliaria\/?s={search_term_string}\"},\"query-input\":{\"@type\":\"PropertyValueSpecification\",\"valueRequired\":true,\"valueName\":\"search_term_string\"}}],\"inLanguage\":\"es\"},{\"@type\":\"Organization\",\"@id\":\"https:\/\/www.egsuhomes.com\/inmobiliaria\/#organization\",\"name\":\"EGSU Homes Inmobiliaria\",\"url\":\"https:\/\/www.egsuhomes.com\/inmobiliaria\/\",\"logo\":{\"@type\":\"ImageObject\",\"inLanguage\":\"es\",\"@id\":\"https:\/\/www.egsuhomes.com\/inmobiliaria\/#\/schema\/logo\/image\/\",\"url\":\"https:\/\/www.egsuhomes.com\/inmobiliaria\/wp-content\/uploads\/2024\/10\/logo-egsu-inmobiliaria.png\",\"contentUrl\":\"https:\/\/www.egsuhomes.com\/inmobiliaria\/wp-content\/uploads\/2024\/10\/logo-egsu-inmobiliaria.png\",\"width\":512,\"height\":512,\"caption\":\"EGSU Homes Inmobiliaria\"},\"image\":{\"@id\":\"https:\/\/www.egsuhomes.com\/inmobiliaria\/#\/schema\/logo\/image\/\"}}]}<\/script>\n<!-- \/ Yoast SEO plugin. -->","yoast_head_json":{"title":"Empresas inmobiliarias en Dominical - Uvita - Ojochal","description":"Empresas inmobiliarias: Venta de viviendas modernas y de estilo contempor\u00e1neo, cont\u00e1ctenos para conocer m\u00e1s de nuestros servicios.","robots":{"index":"index","follow":"follow","max-snippet":"max-snippet:-1","max-image-preview":"max-image-preview:large","max-video-preview":"max-video-preview:-1"},"canonical":"https:\/\/www.egsuhomes.com\/inmobiliaria\/contacto\/","og_locale":"es_ES","og_type":"article","og_title":"Empresas inmobiliarias en Dominical - Uvita - Ojochal","og_description":"Empresas inmobiliarias: Venta de viviendas modernas y de estilo contempor\u00e1neo, cont\u00e1ctenos para conocer m\u00e1s de nuestros servicios.","og_url":"https:\/\/www.egsuhomes.com\/inmobiliaria\/contacto\/","og_site_name":"EGSU","article_modified_time":"2024-11-06T17:49:58+00:00","twitter_card":"summary_large_image","twitter_misc":{"Tiempo de lectura":"1 minuto"},"schema":{"@context":"https:\/\/schema.org","@graph":[{"@type":"WebPage","@id":"https:\/\/www.egsuhomes.com\/inmobiliaria\/contacto\/","url":"https:\/\/www.egsuhomes.com\/inmobiliaria\/contacto\/","name":"Empresas inmobiliarias en Dominical - Uvita - Ojochal","isPartOf":{"@id":"https:\/\/www.egsuhomes.com\/inmobiliaria\/#website"},"datePublished":"2020-11-06T20:38:32+00:00","dateModified":"2024-11-06T17:49:58+00:00","description":"Empresas inmobiliarias: Venta de viviendas modernas y de estilo contempor\u00e1neo, cont\u00e1ctenos para conocer m\u00e1s de nuestros servicios.","breadcrumb":{"@id":"https:\/\/www.egsuhomes.com\/inmobiliaria\/contacto\/#breadcrumb"},"inLanguage":"es","potentialAction":[{"@type":"ReadAction","target":["https:\/\/www.egsuhomes.com\/inmobiliaria\/contacto\/"]}]},{"@type":"BreadcrumbList","@id":"https:\/\/www.egsuhomes.com\/inmobiliaria\/contacto\/#breadcrumb","itemListElement":[{"@type":"ListItem","position":1,"name":"Portada","item":"https:\/\/www.egsuhomes.com\/inmobiliaria\/"},{"@type":"ListItem","position":2,"name":"Contacto"}]},{"@type":"WebSite","@id":"https:\/\/www.egsuhomes.com\/inmobiliaria\/#website","url":"https:\/\/www.egsuhomes.com\/inmobiliaria\/","name":"EGSU Homes Inmobiliaria","description":"Dise\u00f1o y construcci\u00f3n de casas de playa","publisher":{"@id":"https:\/\/www.egsuhomes.com\/inmobiliaria\/#organization"},"potentialAction":[{"@type":"SearchAction","target":{"@type":"EntryPoint","urlTemplate":"https:\/\/www.egsuhomes.com\/inmobiliaria\/?s={search_term_string}"},"query-input":{"@type":"PropertyValueSpecification","valueRequired":true,"valueName":"search_term_string"}}],"inLanguage":"es"},{"@type":"Organization","@id":"https:\/\/www.egsuhomes.com\/inmobiliaria\/#organization","name":"EGSU Homes Inmobiliaria","url":"https:\/\/www.egsuhomes.com\/inmobiliaria\/","logo":{"@type":"ImageObject","inLanguage":"es","@id":"https:\/\/www.egsuhomes.com\/inmobiliaria\/#\/schema\/logo\/image\/","url":"https:\/\/www.egsuhomes.com\/inmobiliaria\/wp-content\/uploads\/2024\/10\/logo-egsu-inmobiliaria.png","contentUrl":"https:\/\/www.egsuhomes.com\/inmobiliaria\/wp-content\/uploads\/2024\/10\/logo-egsu-inmobiliaria.png","width":512,"height":512,"caption":"EGSU Homes Inmobiliaria"},"image":{"@id":"https:\/\/www.egsuhomes.com\/inmobiliaria\/#\/schema\/logo\/image\/"}}]}},"_links":{"self":[{"href":"https:\/\/www.egsuhomes.com\/inmobiliaria\/wp-json\/wp\/v2\/pages\/95","targetHints":{"allow":["GET"]}}],"collection":[{"href":"https:\/\/www.egsuhomes.com\/inmobiliaria\/wp-json\/wp\/v2\/pages"}],"about":[{"href":"https:\/\/www.egsuhomes.com\/inmobiliaria\/wp-json\/wp\/v2\/types\/page"}],"author":[{"embeddable":true,"href":"https:\/\/www.egsuhomes.com\/inmobiliaria\/wp-json\/wp\/v2\/users\/1"}],"replies":[{"embeddable":true,"href":"https:\/\/www.egsuhomes.com\/inmobiliaria\/wp-json\/wp\/v2\/comments?post=95"}],"version-history":[{"count":26,"href":"https:\/\/www.egsuhomes.com\/inmobiliaria\/wp-json\/wp\/v2\/pages\/95\/revisions"}],"predecessor-version":[{"id":3804,"href":"https:\/\/www.egsuhomes.com\/inmobiliaria\/wp-json\/wp\/v2\/pages\/95\/revisions\/3804"}],"wp:attachment":[{"href":"https:\/\/www.egsuhomes.com\/inmobiliaria\/wp-json\/wp\/v2\/media?parent=95"}],"curies":[{"name":"wp","href":"https:\/\/api.w.org\/{rel}","templated":true}]}}